{"id":82082,"date":"2022-02-25T13:41:15","date_gmt":"2022-02-25T12:41:15","guid":{"rendered":"http:\/\/pakemballages.net\/?page_id=82082"},"modified":"2022-04-15T10:41:44","modified_gmt":"2022-04-15T08:41:44","slug":"produits","status":"publish","type":"page","link":"https:\/\/pakemballages.net\/index.php\/produits\/","title":{"rendered":"PRODUITS"},"content":{"rendered":"<p>[et_pb_section fb_built=&#8221;1&#8243; admin_label=&#8221;section titre&#8221; _builder_version=&#8221;4.17.1&#8243; _module_preset=&#8221;default&#8221; background_enable_image=&#8221;off&#8221; width=&#8221;100%&#8221; max_width=&#8221;100%&#8221; custom_padding=&#8221;30px||0px||false|false&#8221; filter_saturate=&#8221;109%&#8221; filter_brightness=&#8221;103%&#8221; hover_enabled=&#8221;0&#8243; collapsed=&#8221;off&#8221; global_colors_info=&#8221;{}&#8221; sticky_enabled=&#8221;0&#8243;][et_pb_row _builder_version=&#8221;4.17.0&#8243; _module_preset=&#8221;default&#8221; module_alignment=&#8221;center&#8221; custom_margin=&#8221;0px|||0px|false|false&#8221; custom_padding=&#8221;0px||0px|0px|false|false&#8221; global_colors_info=&#8221;{}&#8221; theme_builder_area=&#8221;post_content&#8221;][et_pb_column type=&#8221;4_4&#8243; _builder_version=&#8221;4.17.0&#8243; _module_preset=&#8221;default&#8221; custom_padding=&#8221;||20px||false|false&#8221; global_colors_info=&#8221;{}&#8221; theme_builder_area=&#8221;post_content&#8221;][lwp_divi_breadcrumbs home_text=&#8221;ACCUEIL&#8221; font_icon=&#8221;&#x35;||divi||400&#8243; link_color=&#8221;#4E5150&#8243; current_text_color=&#8221;#000000&#8243; _builder_version=&#8221;4.17.1&#8243; _module_preset=&#8221;default&#8221; module_font=&#8221;|300|||||||&#8221; module_font_size=&#8221;11px&#8221; custom_padding=&#8221;||20px||false|false&#8221; global_colors_info=&#8221;{}&#8221; theme_builder_area=&#8221;post_content&#8221;][\/lwp_divi_breadcrumbs][\/et_pb_column][\/et_pb_row][et_pb_row _builder_version=&#8221;4.16&#8243; _module_preset=&#8221;default&#8221; background_enable_image=&#8221;off&#8221; parallax=&#8221;on&#8221; global_colors_info=&#8221;{}&#8221;][et_pb_column type=&#8221;4_4&#8243; _builder_version=&#8221;4.16&#8243; _module_preset=&#8221;default&#8221; global_colors_info=&#8221;{}&#8221;][et_pb_text _builder_version=&#8221;4.16.1&#8243; _module_preset=&#8221;default&#8221; text_font=&#8221;Montserrat|300|||||||&#8221; text_text_color=&#8221;#00A887&#8243; text_letter_spacing=&#8221;7px&#8221; custom_margin=&#8221;-50px||||false|false&#8221; animation_style=&#8221;fade&#8221; global_colors_info=&#8221;{}&#8221;]<\/p>\n<h1 style=\"text-align: center;\"><span style=\"color: #009982;\">PRODUITS<\/span><\/h1>\n<p>[\/et_pb_text][et_pb_divider color=&#8221;#00A887&#8243; _builder_version=&#8221;4.16&#8243; _module_preset=&#8221;default&#8221; custom_margin=&#8221;-20px||0px||false|false&#8221; custom_padding=&#8221;||0px||false|false&#8221; animation_style=&#8221;fade&#8221; global_colors_info=&#8221;{}&#8221;][\/et_pb_divider][et_pb_text _builder_version=&#8221;4.16.0&#8243; _module_preset=&#8221;default&#8221; text_font=&#8221;||||||||&#8221; text_font_size=&#8221;14px&#8221; text_letter_spacing=&#8221;0.3px&#8221; global_colors_info=&#8221;{}&#8221;]<\/p>\n<p style=\"text-align: center;\">Retrouvez nos diff\u00e9rentes gammes de produits avec des r\u00e9alisations sur-mesure in\u00e9dites !<\/p>\n<p>[\/et_pb_text][\/et_pb_column][\/et_pb_row][et_pb_row column_structure=&#8221;1_2,1_2&#8243; use_custom_gutter=&#8221;on&#8221; gutter_width=&#8221;1&#8243; _builder_version=&#8221;4.16&#8243; _module_preset=&#8221;default&#8221; width=&#8221;100%&#8221; max_width=&#8221;2560px&#8221; module_alignment=&#8221;center&#8221; custom_padding=&#8221;0px||0px||false|false&#8221; animation_style=&#8221;fade&#8221; global_colors_info=&#8221;{}&#8221;][et_pb_column type=&#8221;1_2&#8243; _builder_version=&#8221;4.16&#8243; _module_preset=&#8221;default&#8221; global_colors_info=&#8221;{}&#8221;][et_pb_image src=&#8221;https:\/\/pakemballages.net\/wp-content\/uploads\/2022\/02\/sacs-compo-4.jpg&#8221; title_text=&#8221;sacs-compo-4&#8243; url=&#8221;https:\/\/pakemballages.net\/index.php\/sacs\/&#8221; align=&#8221;center&#8221; _builder_version=&#8221;4.16&#8243; _module_preset=&#8221;default&#8221; transform_translate_linked=&#8221;off&#8221; custom_margin=&#8221;|0px|||false|false&#8221; global_colors_info=&#8221;{}&#8221; transform_styles__hover_enabled=&#8221;on|desktop&#8221; transform_scale__hover_enabled=&#8221;on|desktop&#8221; transform_translate__hover_enabled=&#8221;on|desktop&#8221; transform_rotate__hover_enabled=&#8221;on|desktop&#8221; transform_skew__hover_enabled=&#8221;on|desktop&#8221; transform_origin__hover_enabled=&#8221;on|desktop&#8221; transform_translate__hover=&#8221;79px|0px&#8221;][\/et_pb_image][et_pb_image src=&#8221;https:\/\/pakemballages.net\/wp-content\/uploads\/2022\/02\/emballages-alimentaires-compo-ok-scaled.jpg&#8221; alt=&#8221;emballages-alimentaires-compo&#8221; title_text=&#8221;emballages-alimentaires-compo-ok&#8221; url=&#8221;https:\/\/pakemballages.net\/index.php\/emballages-alimentaires\/&#8221; align=&#8221;center&#8221; _builder_version=&#8221;4.16&#8243; _module_preset=&#8221;default&#8221; transform_translate_linked=&#8221;off&#8221; custom_margin=&#8221;|0px|||false|false&#8221; global_colors_info=&#8221;{}&#8221; transform_styles__hover_enabled=&#8221;on|desktop&#8221; transform_scale__hover_enabled=&#8221;on|desktop&#8221; transform_translate__hover_enabled=&#8221;on|desktop&#8221; transform_rotate__hover_enabled=&#8221;on|desktop&#8221; transform_skew__hover_enabled=&#8221;on|desktop&#8221; transform_origin__hover_enabled=&#8221;on|desktop&#8221; transform_translate__hover=&#8221;79px|0px&#8221;][\/et_pb_image][\/et_pb_column][et_pb_column type=&#8221;1_2&#8243; _builder_version=&#8221;4.16&#8243; _module_preset=&#8221;default&#8221; global_colors_info=&#8221;{}&#8221;][et_pb_image src=&#8221;https:\/\/pakemballages.net\/wp-content\/uploads\/2022\/02\/boites-compo-2.jpg&#8221; title_text=&#8221;boites-compo-2&#8243; url=&#8221;https:\/\/pakemballages.net\/index.php\/boites\/&#8221; use_overlay=&#8221;on&#8221; overlay_icon_color=&#8221;RGBA(255,255,255,0)&#8221; hover_overlay_color=&#8221;rgba(78,81,80,0.32)&#8221; hover_icon=&#8221;&#x3d;||divi||400&#8243; align=&#8221;right&#8221; _builder_version=&#8221;4.16&#8243; _module_preset=&#8221;default&#8221; custom_margin=&#8221;|||0px|false|false&#8221; global_colors_info=&#8221;{}&#8221; transform_styles__hover_enabled=&#8221;on|hover&#8221; transform_scale__hover_enabled=&#8221;on|hover&#8221; transform_translate__hover_enabled=&#8221;on|desktop&#8221; transform_rotate__hover_enabled=&#8221;on|desktop&#8221; transform_skew__hover_enabled=&#8221;on|desktop&#8221; transform_origin__hover_enabled=&#8221;on|desktop&#8221; transform_translate__hover=&#8221;-79px|0px&#8221; transform_origin__hover=&#8221;100%|0%&#8221;][\/et_pb_image][et_pb_image src=&#8221;https:\/\/pakemballages.net\/wp-content\/uploads\/2022\/03\/complement-de-gamme-compo2-scaled.jpg&#8221; title_text=&#8221;complement-de-gamme-compo2&#8243; url=&#8221;https:\/\/pakemballages.net\/index.php\/complements-de-gamme\/&#8221; use_overlay=&#8221;on&#8221; overlay_icon_color=&#8221;RGBA(255,255,255,0)&#8221; hover_overlay_color=&#8221;rgba(78,81,80,0.32)&#8221; hover_icon=&#8221;&#x3d;||divi||400&#8243; align=&#8221;right&#8221; _builder_version=&#8221;4.16&#8243; _module_preset=&#8221;default&#8221; custom_margin=&#8221;|||0px|false|false&#8221; global_colors_info=&#8221;{}&#8221; transform_styles__hover_enabled=&#8221;on|hover&#8221; transform_scale__hover_enabled=&#8221;on|hover&#8221; transform_translate__hover_enabled=&#8221;on|desktop&#8221; transform_rotate__hover_enabled=&#8221;on|desktop&#8221; transform_skew__hover_enabled=&#8221;on|desktop&#8221; transform_origin__hover_enabled=&#8221;on|desktop&#8221; transform_translate__hover=&#8221;-79px|0px&#8221; transform_origin__hover=&#8221;100%|0%&#8221;][\/et_pb_image][\/et_pb_column][\/et_pb_row][et_pb_row use_custom_gutter=&#8221;on&#8221; gutter_width=&#8221;1&#8243; _builder_version=&#8221;4.16&#8243; _module_preset=&#8221;default&#8221; width=&#8221;100%&#8221; width_tablet=&#8221;100%&#8221; width_phone=&#8221;100%&#8221; width_last_edited=&#8221;on|tablet&#8221; max_width=&#8221;2560px&#8221; global_colors_info=&#8221;{}&#8221;][et_pb_column type=&#8221;4_4&#8243; _builder_version=&#8221;4.16&#8243; _module_preset=&#8221;default&#8221; global_colors_info=&#8221;{}&#8221;][et_pb_button button_url=&#8221;https:\/\/pakemballages.net\/index.php\/metiers\/&#8221; button_text=&#8221;M\u00e9tiers&#8221; button_alignment=&#8221;center&#8221; _builder_version=&#8221;4.16&#8243; _module_preset=&#8221;default&#8221; custom_button=&#8221;on&#8221; button_text_size=&#8221;15px&#8221; button_text_color=&#8221;#4E5150&#8243; button_border_width=&#8221;0px&#8221; button_font=&#8221;Montserrat|300|||||||&#8221; button_icon=&#8221;&#x24;||divi||400&#8243; button_text_size_tablet=&#8221;15px&#8221; button_text_size_phone=&#8221;10px&#8221; button_text_size_last_edited=&#8221;on|phone&#8221; global_colors_info=&#8221;{}&#8221; button_text_color__hover_enabled=&#8221;on|desktop&#8221; button_text_color__hover=&#8221;#00A887&#8243; button_text_size__hover_enabled=&#8221;on|desktop&#8221; button_bg_color__hover_enabled=&#8221;on|hover&#8221; button_bg_color__hover=&#8221;RGBA(255,255,255,0)&#8221; button_bg_enable_color__hover=&#8221;on&#8221; button_text_size__hover=&#8221;15px&#8221;][\/et_pb_button][\/et_pb_column][\/et_pb_row][\/et_pb_section]<\/p>\n","protected":false},"excerpt":{"rendered":"<p><div class=\"et_pb_module lwp_divi_breadcrumbs lwp_divi_breadcrumbs_0\">\n\t\t\t\t\n\t\t\t\t\n\t\t\t\t\n\t\t\t\t\n\t\t\t\t\n\t\t\t\t\n\t\t\t\t<div class=\"et_pb_module_inner\">\n\t\t\t\t\t<div class=\"lwp-breadcrumbs\"> <span class=\"before\"><\/span> <span vocab=\"https:\/\/schema.org\/\" typeof=\"BreadcrumbList\"><span property=\"itemListElement\" typeof=\"ListItem\"><a property=\"item\" typeof=\"WebPage\" href=\"https:\/\/pakemballages.net\/\" class=\"home\"><span property=\"name\">ACCUEIL<\/span><\/a><meta property=\"position\" content=\"1\"><\/span> <span class=\"separator et-pb-icon\">&#x35;<\/span> <\/span><\/div>\n\t\t\t\t<\/div>\n\t\t\t<\/div>PRODUITSRetrouvez nos diff\u00e9rentes gammes de produits avec des r\u00e9alisations sur-mesure in\u00e9dites !<\/p>\n","protected":false},"author":1,"featured_media":0,"parent":0,"menu_order":0,"comment_status":"closed","ping_status":"closed","template":"","meta":{"_et_pb_use_builder":"on","_et_pb_old_content":"","_et_gb_content_width":"","footnotes":""},"class_list":["post-82082","page","type-page","status-publish","hentry"],"yoast_head":"<!-- This site is optimized with the Yoast SEO plugin v27.5 - https:\/\/yoast.com\/product\/yoast-seo-wordpress\/ -->\n<title>PRODUITS - Pak Emballages<\/title>\n<meta name=\"description\" content=\"Pak Emballages vous propose diverses gammes de produits pour r\u00e9pondre \u00e0 tout vos besoins en packaging, d\u00e9couvrez-les !\" \/>\n<meta name=\"robots\" content=\"index, follow, max-snippet:-1, max-image-preview:large, max-video-preview:-1\" \/>\n<link rel=\"canonical\" href=\"https:\/\/pakemballages.net\/index.php\/produits\/\" \/>\n<meta property=\"og:locale\" content=\"en_US\" \/>\n<meta property=\"og:type\" content=\"article\" \/>\n<meta property=\"og:title\" content=\"PRODUITS - Pak Emballages\" \/>\n<meta property=\"og:description\" content=\"Pak Emballages vous propose diverses gammes de produits pour r\u00e9pondre \u00e0 tout vos besoins en packaging, d\u00e9couvrez-les !\" \/>\n<meta property=\"og:url\" content=\"https:\/\/pakemballages.net\/index.php\/produits\/\" \/>\n<meta property=\"og:site_name\" content=\"Pak Emballages\" \/>\n<meta property=\"article:publisher\" content=\"https:\/\/www.facebook.com\/pakemballages13\/\" \/>\n<meta property=\"article:modified_time\" content=\"2022-04-15T08:41:44+00:00\" \/>\n<meta name=\"twitter:card\" content=\"summary_large_image\" \/>\n<meta name=\"twitter:site\" content=\"@pakemballages13\" \/>\n<meta name=\"twitter:label1\" content=\"Est. reading time\" \/>\n\t<meta name=\"twitter:data1\" content=\"1 minute\" \/>\n<script type=\"application\/ld+json\" class=\"yoast-schema-graph\">{\"@context\":\"https:\\\/\\\/schema.org\",\"@graph\":[{\"@type\":\"WebPage\",\"@id\":\"https:\\\/\\\/pakemballages.net\\\/index.php\\\/produits\\\/\",\"url\":\"https:\\\/\\\/pakemballages.net\\\/index.php\\\/produits\\\/\",\"name\":\"PRODUITS - Pak Emballages\",\"isPartOf\":{\"@id\":\"https:\\\/\\\/pakemballages.net\\\/#website\"},\"datePublished\":\"2022-02-25T12:41:15+00:00\",\"dateModified\":\"2022-04-15T08:41:44+00:00\",\"description\":\"Pak Emballages vous propose diverses gammes de produits pour r\u00e9pondre \u00e0 tout vos besoins en packaging, d\u00e9couvrez-les !\",\"breadcrumb\":{\"@id\":\"https:\\\/\\\/pakemballages.net\\\/index.php\\\/produits\\\/#breadcrumb\"},\"inLanguage\":\"en-US\",\"potentialAction\":[{\"@type\":\"ReadAction\",\"target\":[\"https:\\\/\\\/pakemballages.net\\\/index.php\\\/produits\\\/\"]}]},{\"@type\":\"BreadcrumbList\",\"@id\":\"https:\\\/\\\/pakemballages.net\\\/index.php\\\/produits\\\/#breadcrumb\",\"itemListElement\":[{\"@type\":\"ListItem\",\"position\":1,\"name\":\"Accueil\",\"item\":\"https:\\\/\\\/pakemballages.net\\\/\"},{\"@type\":\"ListItem\",\"position\":2,\"name\":\"PRODUITS\"}]},{\"@type\":\"WebSite\",\"@id\":\"https:\\\/\\\/pakemballages.net\\\/#website\",\"url\":\"https:\\\/\\\/pakemballages.net\\\/\",\"name\":\"Pak Emballages\",\"description\":\"\",\"publisher\":{\"@id\":\"https:\\\/\\\/pakemballages.net\\\/#organization\"},\"potentialAction\":[{\"@type\":\"SearchAction\",\"target\":{\"@type\":\"EntryPoint\",\"urlTemplate\":\"https:\\\/\\\/pakemballages.net\\\/?s={search_term_string}\"},\"query-input\":{\"@type\":\"PropertyValueSpecification\",\"valueRequired\":true,\"valueName\":\"search_term_string\"}}],\"inLanguage\":\"en-US\"},{\"@type\":\"Organization\",\"@id\":\"https:\\\/\\\/pakemballages.net\\\/#organization\",\"name\":\"PAK EMBALLAGES\",\"url\":\"https:\\\/\\\/pakemballages.net\\\/\",\"logo\":{\"@type\":\"ImageObject\",\"inLanguage\":\"en-US\",\"@id\":\"https:\\\/\\\/pakemballages.net\\\/#\\\/schema\\\/logo\\\/image\\\/\",\"url\":\"https:\\\/\\\/pakemballages.net\\\/wp-content\\\/uploads\\\/2021\\\/05\\\/faviconpak.jpg\",\"contentUrl\":\"https:\\\/\\\/pakemballages.net\\\/wp-content\\\/uploads\\\/2021\\\/05\\\/faviconpak.jpg\",\"width\":512,\"height\":512,\"caption\":\"PAK EMBALLAGES\"},\"image\":{\"@id\":\"https:\\\/\\\/pakemballages.net\\\/#\\\/schema\\\/logo\\\/image\\\/\"},\"sameAs\":[\"https:\\\/\\\/www.facebook.com\\\/pakemballages13\\\/\",\"https:\\\/\\\/x.com\\\/pakemballages13\",\"https:\\\/\\\/www.instagram.com\\\/pak_emballages\\\/?hl=fr\",\"https:\\\/\\\/fr.linkedin.com\\\/company\\\/pakemballages\",\"https:\\\/\\\/www.youtube.com\\\/channel\\\/UCU3FUnjcLP9S2_GnNjVOzCQ\"]}]}<\/script>\n<!-- \/ Yoast SEO plugin. -->","yoast_head_json":{"title":"PRODUITS - Pak Emballages","description":"Pak Emballages vous propose diverses gammes de produits pour r\u00e9pondre \u00e0 tout vos besoins en packaging, d\u00e9couvrez-les !","robots":{"index":"index","follow":"follow","max-snippet":"max-snippet:-1","max-image-preview":"max-image-preview:large","max-video-preview":"max-video-preview:-1"},"canonical":"https:\/\/pakemballages.net\/index.php\/produits\/","og_locale":"en_US","og_type":"article","og_title":"PRODUITS - Pak Emballages","og_description":"Pak Emballages vous propose diverses gammes de produits pour r\u00e9pondre \u00e0 tout vos besoins en packaging, d\u00e9couvrez-les !","og_url":"https:\/\/pakemballages.net\/index.php\/produits\/","og_site_name":"Pak Emballages","article_publisher":"https:\/\/www.facebook.com\/pakemballages13\/","article_modified_time":"2022-04-15T08:41:44+00:00","twitter_card":"summary_large_image","twitter_site":"@pakemballages13","twitter_misc":{"Est. reading time":"1 minute"},"schema":{"@context":"https:\/\/schema.org","@graph":[{"@type":"WebPage","@id":"https:\/\/pakemballages.net\/index.php\/produits\/","url":"https:\/\/pakemballages.net\/index.php\/produits\/","name":"PRODUITS - Pak Emballages","isPartOf":{"@id":"https:\/\/pakemballages.net\/#website"},"datePublished":"2022-02-25T12:41:15+00:00","dateModified":"2022-04-15T08:41:44+00:00","description":"Pak Emballages vous propose diverses gammes de produits pour r\u00e9pondre \u00e0 tout vos besoins en packaging, d\u00e9couvrez-les !","breadcrumb":{"@id":"https:\/\/pakemballages.net\/index.php\/produits\/#breadcrumb"},"inLanguage":"en-US","potentialAction":[{"@type":"ReadAction","target":["https:\/\/pakemballages.net\/index.php\/produits\/"]}]},{"@type":"BreadcrumbList","@id":"https:\/\/pakemballages.net\/index.php\/produits\/#breadcrumb","itemListElement":[{"@type":"ListItem","position":1,"name":"Accueil","item":"https:\/\/pakemballages.net\/"},{"@type":"ListItem","position":2,"name":"PRODUITS"}]},{"@type":"WebSite","@id":"https:\/\/pakemballages.net\/#website","url":"https:\/\/pakemballages.net\/","name":"Pak Emballages","description":"","publisher":{"@id":"https:\/\/pakemballages.net\/#organization"},"potentialAction":[{"@type":"SearchAction","target":{"@type":"EntryPoint","urlTemplate":"https:\/\/pakemballages.net\/?s={search_term_string}"},"query-input":{"@type":"PropertyValueSpecification","valueRequired":true,"valueName":"search_term_string"}}],"inLanguage":"en-US"},{"@type":"Organization","@id":"https:\/\/pakemballages.net\/#organization","name":"PAK EMBALLAGES","url":"https:\/\/pakemballages.net\/","logo":{"@type":"ImageObject","inLanguage":"en-US","@id":"https:\/\/pakemballages.net\/#\/schema\/logo\/image\/","url":"https:\/\/pakemballages.net\/wp-content\/uploads\/2021\/05\/faviconpak.jpg","contentUrl":"https:\/\/pakemballages.net\/wp-content\/uploads\/2021\/05\/faviconpak.jpg","width":512,"height":512,"caption":"PAK EMBALLAGES"},"image":{"@id":"https:\/\/pakemballages.net\/#\/schema\/logo\/image\/"},"sameAs":["https:\/\/www.facebook.com\/pakemballages13\/","https:\/\/x.com\/pakemballages13","https:\/\/www.instagram.com\/pak_emballages\/?hl=fr","https:\/\/fr.linkedin.com\/company\/pakemballages","https:\/\/www.youtube.com\/channel\/UCU3FUnjcLP9S2_GnNjVOzCQ"]}]}},"_links":{"self":[{"href":"https:\/\/pakemballages.net\/index.php\/wp-json\/wp\/v2\/pages\/82082","targetHints":{"allow":["GET"]}}],"collection":[{"href":"https:\/\/pakemballages.net\/index.php\/wp-json\/wp\/v2\/pages"}],"about":[{"href":"https:\/\/pakemballages.net\/index.php\/wp-json\/wp\/v2\/types\/page"}],"author":[{"embeddable":true,"href":"https:\/\/pakemballages.net\/index.php\/wp-json\/wp\/v2\/users\/1"}],"replies":[{"embeddable":true,"href":"https:\/\/pakemballages.net\/index.php\/wp-json\/wp\/v2\/comments?post=82082"}],"version-history":[{"count":26,"href":"https:\/\/pakemballages.net\/index.php\/wp-json\/wp\/v2\/pages\/82082\/revisions"}],"predecessor-version":[{"id":85547,"href":"https:\/\/pakemballages.net\/index.php\/wp-json\/wp\/v2\/pages\/82082\/revisions\/85547"}],"wp:attachment":[{"href":"https:\/\/pakemballages.net\/index.php\/wp-json\/wp\/v2\/media?parent=82082"}],"curies":[{"name":"wp","href":"https:\/\/api.w.org\/{rel}","templated":true}]}}